{"id":9,"date":"2022-10-06T17:24:48","date_gmt":"2022-10-06T14:24:48","guid":{"rendered":"http:\/\/localhost\/hair\/?page_id=9"},"modified":"2023-05-30T14:31:44","modified_gmt":"2023-05-30T11:31:44","slug":"nova-lobster","status":"publish","type":"page","link":"https:\/\/novalobster.net\/aquarium\/","title":{"rendered":"Nova Lobster"},"content":{"rendered":"\n<p>Nova Lobster your expert in life systems for crustaceans and marine fishes.We have three&nbsp;<a href=\"https:\/\/www.homarium.com\/en\/products\">main offers<\/a>&nbsp;to the market:&nbsp; standardshapes, made-to-measure models and large holding systems for wholesalers.<\/p>\n\n\n\n<p>The Nova Lobster System has more filtration power and water cleaning capability than you ever thought you needed. If you want to be able to hold more crustaceans in cleaner water, so they really do taste better and look more attractive in a well lit environment, then the dividends from a Nova Lobster will be yours to reap for years to come.<\/p>\n\n\n\n<p>Our domestic and international customers include many restaurants, offices, supermarkets and Public Aquariums.<\/p>\n","protected":false},"excerpt":{"rendered":"Nova Lobster your expert in life systems for crustaceans and marine fishes.We have three&nbsp;main offers&nbsp;to the market:&nbsp; standardshapes, made-to-measure models and large holding systems for wholesalers. The Nova Lobster System has more filtration power and water cleaning capability than you ever thought you needed. If you want to be able to hold more crustaceans in&#8230;","protected":false},"author":1,"featured_media":577,"parent":0,"menu_order":0,"comment_status":"closed","ping_status":"closed","template":"home.php","meta":{"footnotes":""},"class_list":["post-9","page","type-page","status-publish","has-post-thumbnail","hentry"],"yoast_head":"<!-- This site is optimized with the Yoast SEO plugin v24.3 - https:\/\/yoast.com\/wordpress\/plugins\/seo\/ -->\n<title>Aquarium - Nova Lobster<\/title>\n<meta name=\"robots\" content=\"index, follow, max-snippet:-1, max-image-preview:large, max-video-preview:-1\" \/>\n<link rel=\"canonical\" href=\"https:\/\/novalobster.net\/aquarium\/\" \/>\n<meta property=\"og:locale\" content=\"tr_TR\" \/>\n<meta property=\"og:type\" content=\"article\" \/>\n<meta property=\"og:title\" content=\"Aquarium - Nova Lobster\" \/>\n<meta property=\"og:description\" content=\"Nova Lobster your expert in life systems for crustaceans and marine fishes.We have three&nbsp;main offers&nbsp;to the market:&nbsp; standardshapes, made-to-measure models and large holding systems for wholesalers. The Nova Lobster System has more filtration power and water cleaning capability than you ever thought you needed. If you want to be able to hold more crustaceans in...\" \/>\n<meta property=\"og:url\" content=\"https:\/\/novalobster.net\/aquarium\/\" \/>\n<meta property=\"og:site_name\" content=\"Nova Lobster\" \/>\n<meta property=\"article:modified_time\" content=\"2023-05-30T11:31:44+00:00\" \/>\n<meta property=\"og:image\" content=\"https:\/\/novalobster.net\/aquarium\/wp-content\/uploads\/2023\/05\/blue-lobster.png\" \/>\n\t<meta property=\"og:image:width\" content=\"1512\" \/>\n\t<meta property=\"og:image:height\" content=\"851\" \/>\n\t<meta property=\"og:image:type\" content=\"image\/png\" \/>\n<meta name=\"twitter:card\" content=\"summary_large_image\" \/>\n<meta name=\"twitter:label1\" content=\"Tahmini okuma s\u00fcresi\" \/>\n\t<meta name=\"twitter:data1\" content=\"1 dakika\" \/>\n<script type=\"application\/ld+json\" class=\"yoast-schema-graph\">{\"@context\":\"https:\/\/schema.org\",\"@graph\":[{\"@type\":\"WebPage\",\"@id\":\"https:\/\/novalobster.net\/aquarium\/\",\"url\":\"https:\/\/novalobster.net\/aquarium\/\",\"name\":\"Aquarium - Nova Lobster\",\"isPartOf\":{\"@id\":\"https:\/\/novalobster.net\/aquarium\/#website\"},\"primaryImageOfPage\":{\"@id\":\"https:\/\/novalobster.net\/aquarium\/#primaryimage\"},\"image\":{\"@id\":\"https:\/\/novalobster.net\/aquarium\/#primaryimage\"},\"thumbnailUrl\":\"https:\/\/novalobster.net\/aquarium\/wp-content\/uploads\/2023\/05\/blue-lobster.png\",\"datePublished\":\"2022-10-06T14:24:48+00:00\",\"dateModified\":\"2023-05-30T11:31:44+00:00\",\"breadcrumb\":{\"@id\":\"https:\/\/novalobster.net\/aquarium\/#breadcrumb\"},\"inLanguage\":\"tr\",\"potentialAction\":[{\"@type\":\"ReadAction\",\"target\":[\"https:\/\/novalobster.net\/aquarium\/\"]}]},{\"@type\":\"ImageObject\",\"inLanguage\":\"tr\",\"@id\":\"https:\/\/novalobster.net\/aquarium\/#primaryimage\",\"url\":\"https:\/\/novalobster.net\/aquarium\/wp-content\/uploads\/2023\/05\/blue-lobster.png\",\"contentUrl\":\"https:\/\/novalobster.net\/aquarium\/wp-content\/uploads\/2023\/05\/blue-lobster.png\",\"width\":1512,\"height\":851},{\"@type\":\"BreadcrumbList\",\"@id\":\"https:\/\/novalobster.net\/aquarium\/#breadcrumb\",\"itemListElement\":[{\"@type\":\"ListItem\",\"position\":1,\"name\":\"Anasayfa\",\"item\":\"https:\/\/novalobster.net\/aquarium\/\"},{\"@type\":\"ListItem\",\"position\":2,\"name\":\"Nova Lobster\"}]},{\"@type\":\"WebSite\",\"@id\":\"https:\/\/novalobster.net\/aquarium\/#website\",\"url\":\"https:\/\/novalobster.net\/aquarium\/\",\"name\":\"\u00d6zel Esteliv Poliklini\u011fi\",\"description\":\"Nova Lobster\",\"publisher\":{\"@id\":\"https:\/\/novalobster.net\/aquarium\/#organization\"},\"alternateName\":\"\u00d6zel Esteliv Poliklini\u011fi\",\"potentialAction\":[{\"@type\":\"SearchAction\",\"target\":{\"@type\":\"EntryPoint\",\"urlTemplate\":\"https:\/\/novalobster.net\/aquarium\/?s={search_term_string}\"},\"query-input\":{\"@type\":\"PropertyValueSpecification\",\"valueRequired\":true,\"valueName\":\"search_term_string\"}}],\"inLanguage\":\"tr\"},{\"@type\":\"Organization\",\"@id\":\"https:\/\/novalobster.net\/aquarium\/#organization\",\"name\":\"\u00d6zel Esteliv Poliklini\u011fi\",\"alternateName\":\"\u00d6zel Esteliv Poliklini\u011fi\",\"url\":\"https:\/\/novalobster.net\/aquarium\/\",\"logo\":{\"@type\":\"ImageObject\",\"inLanguage\":\"tr\",\"@id\":\"https:\/\/novalobster.net\/aquarium\/#\/schema\/logo\/image\/\",\"url\":\"http:\/\/localhost\/esteliv\/wp-content\/uploads\/2023\/03\/esteliv.png\",\"contentUrl\":\"http:\/\/localhost\/esteliv\/wp-content\/uploads\/2023\/03\/esteliv.png\",\"width\":302,\"height\":200,\"caption\":\"\u00d6zel Esteliv Poliklini\u011fi\"},\"image\":{\"@id\":\"https:\/\/novalobster.net\/aquarium\/#\/schema\/logo\/image\/\"}}]}<\/script>\n<!-- \/ Yoast SEO plugin. -->","yoast_head_json":{"title":"Aquarium - Nova Lobster","robots":{"index":"index","follow":"follow","max-snippet":"max-snippet:-1","max-image-preview":"max-image-preview:large","max-video-preview":"max-video-preview:-1"},"canonical":"https:\/\/novalobster.net\/aquarium\/","og_locale":"tr_TR","og_type":"article","og_title":"Aquarium - Nova Lobster","og_description":"Nova Lobster your expert in life systems for crustaceans and marine fishes.We have three&nbsp;main offers&nbsp;to the market:&nbsp; standardshapes, made-to-measure models and large holding systems for wholesalers. The Nova Lobster System has more filtration power and water cleaning capability than you ever thought you needed. If you want to be able to hold more crustaceans in...","og_url":"https:\/\/novalobster.net\/aquarium\/","og_site_name":"Nova Lobster","article_modified_time":"2023-05-30T11:31:44+00:00","og_image":[{"width":1512,"height":851,"url":"https:\/\/novalobster.net\/aquarium\/wp-content\/uploads\/2023\/05\/blue-lobster.png","type":"image\/png"}],"twitter_card":"summary_large_image","twitter_misc":{"Tahmini okuma s\u00fcresi":"1 dakika"},"schema":{"@context":"https:\/\/schema.org","@graph":[{"@type":"WebPage","@id":"https:\/\/novalobster.net\/aquarium\/","url":"https:\/\/novalobster.net\/aquarium\/","name":"Aquarium - Nova Lobster","isPartOf":{"@id":"https:\/\/novalobster.net\/aquarium\/#website"},"primaryImageOfPage":{"@id":"https:\/\/novalobster.net\/aquarium\/#primaryimage"},"image":{"@id":"https:\/\/novalobster.net\/aquarium\/#primaryimage"},"thumbnailUrl":"https:\/\/novalobster.net\/aquarium\/wp-content\/uploads\/2023\/05\/blue-lobster.png","datePublished":"2022-10-06T14:24:48+00:00","dateModified":"2023-05-30T11:31:44+00:00","breadcrumb":{"@id":"https:\/\/novalobster.net\/aquarium\/#breadcrumb"},"inLanguage":"tr","potentialAction":[{"@type":"ReadAction","target":["https:\/\/novalobster.net\/aquarium\/"]}]},{"@type":"ImageObject","inLanguage":"tr","@id":"https:\/\/novalobster.net\/aquarium\/#primaryimage","url":"https:\/\/novalobster.net\/aquarium\/wp-content\/uploads\/2023\/05\/blue-lobster.png","contentUrl":"https:\/\/novalobster.net\/aquarium\/wp-content\/uploads\/2023\/05\/blue-lobster.png","width":1512,"height":851},{"@type":"BreadcrumbList","@id":"https:\/\/novalobster.net\/aquarium\/#breadcrumb","itemListElement":[{"@type":"ListItem","position":1,"name":"Anasayfa","item":"https:\/\/novalobster.net\/aquarium\/"},{"@type":"ListItem","position":2,"name":"Nova Lobster"}]},{"@type":"WebSite","@id":"https:\/\/novalobster.net\/aquarium\/#website","url":"https:\/\/novalobster.net\/aquarium\/","name":"\u00d6zel Esteliv Poliklini\u011fi","description":"Nova Lobster","publisher":{"@id":"https:\/\/novalobster.net\/aquarium\/#organization"},"alternateName":"\u00d6zel Esteliv Poliklini\u011fi","potentialAction":[{"@type":"SearchAction","target":{"@type":"EntryPoint","urlTemplate":"https:\/\/novalobster.net\/aquarium\/?s={search_term_string}"},"query-input":{"@type":"PropertyValueSpecification","valueRequired":true,"valueName":"search_term_string"}}],"inLanguage":"tr"},{"@type":"Organization","@id":"https:\/\/novalobster.net\/aquarium\/#organization","name":"\u00d6zel Esteliv Poliklini\u011fi","alternateName":"\u00d6zel Esteliv Poliklini\u011fi","url":"https:\/\/novalobster.net\/aquarium\/","logo":{"@type":"ImageObject","inLanguage":"tr","@id":"https:\/\/novalobster.net\/aquarium\/#\/schema\/logo\/image\/","url":"http:\/\/localhost\/esteliv\/wp-content\/uploads\/2023\/03\/esteliv.png","contentUrl":"http:\/\/localhost\/esteliv\/wp-content\/uploads\/2023\/03\/esteliv.png","width":302,"height":200,"caption":"\u00d6zel Esteliv Poliklini\u011fi"},"image":{"@id":"https:\/\/novalobster.net\/aquarium\/#\/schema\/logo\/image\/"}}]}},"_links":{"self":[{"href":"https:\/\/novalobster.net\/aquarium\/wp-json\/wp\/v2\/pages\/9","targetHints":{"allow":["GET"]}}],"collection":[{"href":"https:\/\/novalobster.net\/aquarium\/wp-json\/wp\/v2\/pages"}],"about":[{"href":"https:\/\/novalobster.net\/aquarium\/wp-json\/wp\/v2\/types\/page"}],"author":[{"embeddable":true,"href":"https:\/\/novalobster.net\/aquarium\/wp-json\/wp\/v2\/users\/1"}],"replies":[{"embeddable":true,"href":"https:\/\/novalobster.net\/aquarium\/wp-json\/wp\/v2\/comments?post=9"}],"version-history":[{"count":13,"href":"https:\/\/novalobster.net\/aquarium\/wp-json\/wp\/v2\/pages\/9\/revisions"}],"predecessor-version":[{"id":715,"href":"https:\/\/novalobster.net\/aquarium\/wp-json\/wp\/v2\/pages\/9\/revisions\/715"}],"wp:featuredmedia":[{"embeddable":true,"href":"https:\/\/novalobster.net\/aquarium\/wp-json\/wp\/v2\/media\/577"}],"wp:attachment":[{"href":"https:\/\/novalobster.net\/aquarium\/wp-json\/wp\/v2\/media?parent=9"}],"curies":[{"name":"wp","href":"https:\/\/api.w.org\/{rel}","templated":true}]}}